{"id":7,"date":"2016-01-14T09:49:20","date_gmt":"2016-01-14T08:49:20","guid":{"rendered":"http:\/\/elch.cgliem.de\/?page_id=7"},"modified":"2026-02-10T18:21:45","modified_gmt":"2026-02-10T17:21:45","slug":"start","status":"publish","type":"page","link":"https:\/\/www.erfurter-lehrerchor.de\/","title":{"rendered":"Erfurter Lehrerchor e.V."},"content":{"rendered":"<p><cite>Ein kostbarer Augenblick ist wie ein sch\u00f6nes Lied, es verklingt und hat doch Dein Herz ber\u00fchrt.<br \/><\/cite><\/p>\n<p align=\"center\">&#8211; Shivani Isabel Prinke &#8211;<\/p>\n<p>Geben Sie uns Ihre Stimme !!!<\/p>\n<p>Der Erfurter Lehrerchor z\u00e4hlt als gemischter Chor ca. 75 sangesfreudige Stimmen.<\/p>\n<p>Wenn Sie mehr \u00fcber uns erfahren wollen oder vielleicht mal an einer Chorprobe teilnehmen m\u00f6chten, erfahren Sie hier auf unserer Internetseite N\u00e4heres.<\/p>\n","protected":false},"excerpt":{"rendered":"<p>Ein kostbarer Augenblick ist wie ein sch\u00f6nes Lied, es verklingt und hat doch Dein Herz ber\u00fchrt. &#8211; Shivani Isabel Prinke &#8211; Geben Sie uns Ihre Stimme !!! Der Erfurter Lehrerchor z\u00e4hlt als gemischter Chor ca. 75 sangesfreudige Stimmen. Wenn Sie mehr \u00fcber uns erfahren wollen oder vielleicht mal an einer Chorprobe teilnehmen m\u00f6chten, erfahren Sie &hellip; <a href=\"https:\/\/www.erfurter-lehrerchor.de\/\" class=\"more-link\"><span class=\"screen-reader-text\">Erfurter Lehrerchor e.V.<\/span> weiterlesen<\/a><\/p>\n","protected":false},"author":2,"featured_media":0,"parent":0,"menu_order":0,"comment_status":"closed","ping_status":"closed","template":"","meta":{"footnotes":""},"class_list":["post-7","page","type-page","status-publish","hentry"],"_links":{"self":[{"href":"https:\/\/www.erfurter-lehrerchor.de\/index.php?rest_route=\/wp\/v2\/pages\/7","targetHints":{"allow":["GET"]}}],"collection":[{"href":"https:\/\/www.erfurter-lehrerchor.de\/index.php?rest_route=\/wp\/v2\/pages"}],"about":[{"href":"https:\/\/www.erfurter-lehrerchor.de\/index.php?rest_route=\/wp\/v2\/types\/page"}],"author":[{"embeddable":true,"href":"https:\/\/www.erfurter-lehrerchor.de\/index.php?rest_route=\/wp\/v2\/users\/2"}],"replies":[{"embeddable":true,"href":"https:\/\/www.erfurter-lehrerchor.de\/index.php?rest_route=%2Fwp%2Fv2%2Fcomments&post=7"}],"version-history":[{"count":8,"href":"https:\/\/www.erfurter-lehrerchor.de\/index.php?rest_route=\/wp\/v2\/pages\/7\/revisions"}],"predecessor-version":[{"id":942,"href":"https:\/\/www.erfurter-lehrerchor.de\/index.php?rest_route=\/wp\/v2\/pages\/7\/revisions\/942"}],"wp:attachment":[{"href":"https:\/\/www.erfurter-lehrerchor.de\/index.php?rest_route=%2Fwp%2Fv2%2Fmedia&parent=7"}],"curies":[{"name":"wp","href":"https:\/\/api.w.org\/{rel}","templated":true}]}}