{"id":19,"date":"2016-01-14T09:52:42","date_gmt":"2016-01-14T08:52:42","guid":{"rendered":"http:\/\/elch.cgliem.de\/?page_id=19"},"modified":"2024-04-10T13:46:17","modified_gmt":"2024-04-10T11:46:17","slug":"impressum","status":"publish","type":"page","link":"https:\/\/www.erfurter-lehrerchor.de\/?page_id=19","title":{"rendered":"Impressum"},"content":{"rendered":"<p>Erfurter Lehrerchor e. V.<br \/>\nIm Rosenthal 33<br \/>\n99090 Erfurt-Salomonsborn<\/p>\n<p>Verantwortlich (i.S.d.P.): Petra Bauerei\u00df<br \/>\nTelefon: 036208-77910<br \/>\ne-Mail: <a href=\"mailto:vorsitzender@erfurter-lehrerchor.de\">vorsitzender@erfurter-lehrerchor.de<\/a><\/p>\n<p>technischer Ansprechpartner: <a href=\"mailto:webmaster@erfurter-lehrerchor.de\">webmaster@erfurter-lehrerchor.de<\/a><\/p>\n<p>Haftungsbeschr\u00e4nkung<\/p>\n<p>Die Inhalte dieser Website werden mit gr\u00f6\u00dftm\u00f6glicher Sorgfalt erstellt. Ich \u00fcbernehme jedoch keine Gew\u00e4hr f\u00fcr die Richtigkeit, Vollst\u00e4ndigkeit und Aktualit\u00e4t der bereitgestellten Inhalte. Die Nutzung der Inhalte der Website erfolgt auf eigene Gefahr des Nutzers. Mit der Nutzung unserer Website kommt keinerlei Vertragsverh\u00e4ltnis zustande.<\/p>\n<p>Haftungsausschluss<\/p>\n<p>Diese Website enth\u00e4lt Links zu Websites Dritter. Diese Websites unterliegen der Haftung der jeweiligen Betreiber. Zu dem Zeitpunkt der erstmaligen Verlinkung waren keine Rechtsverst\u00f6\u00dfe ersichtlich. Der Anbieter hat keinerlei Einfluss auf die aktuelle und zuk\u00fcnftige Gestaltung und auf die Inhalte der verkn\u00fcpften Seiten. Sollten Sie Rechtsverst\u00f6\u00dfe feststellen, werden wir jedoch derartige externe Links unverz\u00fcglich l\u00f6schen.<\/p>\n<p>Datenschutz<\/p>\n<p>Ich nehme den Schutz Ihrer pers\u00f6nlichen Daten sehr ernst und halte mich strikt an die Regeln der Datenschutzgesetze. Personenbezogene Daten werden auf dieser Webseite nur im technisch notwendigen Umfang erhoben. In keinem Fall werden die erhobenen Daten verkauft oder aus anderen Gr\u00fcnden an Dritte weitergegeben.<\/p>\n<p>Cookies<\/p>\n<p>Die Internetseiten verwenden an mehreren Stellen so genannte Cookies. Sie dienen dazu, unser Angebot nutzerfreundlicher, effektiver und sicherer zu machen. Cookies sind kleine Textdateien, die auf Ihrem Rechner abgelegt werden und die Ihr Browser speichert. Die meisten der von uns verwendeten Cookies sind so genannte \u00bbSession-Cookies\u00ab. Sie werden nach Ende Ihres Besuchs automatisch gel\u00f6scht. Cookies richten auf Ihrem Rechner keinen Schaden an und enthalten keine Viren.<\/p>\n<p>SPAM<\/p>\n<p>Der Nutzung der Kontaktdaten, welche im Rahmen der Impressumspflicht ver\u00f6ffentlicht wurden, durch Dritte zur \u00dcbersendung von nicht angeforderter Werbung und Informationsmaterialien wird hiermit ausdr\u00fccklich widersprochen. Ich behalte mir ausdr\u00fccklich rechtliche Schritte im Falle von Spam-Mails vor.<\/p>\n","protected":false},"excerpt":{"rendered":"<p>Erfurter Lehrerchor e. V. Im Rosenthal 33 99090 Erfurt-Salomonsborn Verantwortlich (i.S.d.P.): Petra Bauerei\u00df Telefon: 036208-77910 e-Mail: vorsitzender@erfurter-lehrerchor.de technischer Ansprechpartner: webmaster@erfurter-lehrerchor.de Haftungsbeschr\u00e4nkung Die Inhalte dieser Website werden mit gr\u00f6\u00dftm\u00f6glicher Sorgfalt erstellt. Ich \u00fcbernehme jedoch keine Gew\u00e4hr f\u00fcr die Richtigkeit, Vollst\u00e4ndigkeit und Aktualit\u00e4t der bereitgestellten Inhalte. Die Nutzung der Inhalte der Website erfolgt auf eigene Gefahr des &hellip; <a href=\"https:\/\/www.erfurter-lehrerchor.de\/?page_id=19\" class=\"more-link\"><span class=\"screen-reader-text\">Impressum<\/span> weiterlesen<\/a><\/p>\n","protected":false},"author":2,"featured_media":0,"parent":7,"menu_order":0,"comment_status":"closed","ping_status":"closed","template":"","meta":{"footnotes":""},"class_list":["post-19","page","type-page","status-publish","hentry"],"_links":{"self":[{"href":"https:\/\/www.erfurter-lehrerchor.de\/index.php?rest_route=\/wp\/v2\/pages\/19","targetHints":{"allow":["GET"]}}],"collection":[{"href":"https:\/\/www.erfurter-lehrerchor.de\/index.php?rest_route=\/wp\/v2\/pages"}],"about":[{"href":"https:\/\/www.erfurter-lehrerchor.de\/index.php?rest_route=\/wp\/v2\/types\/page"}],"author":[{"embeddable":true,"href":"https:\/\/www.erfurter-lehrerchor.de\/index.php?rest_route=\/wp\/v2\/users\/2"}],"replies":[{"embeddable":true,"href":"https:\/\/www.erfurter-lehrerchor.de\/index.php?rest_route=%2Fwp%2Fv2%2Fcomments&post=19"}],"version-history":[{"count":2,"href":"https:\/\/www.erfurter-lehrerchor.de\/index.php?rest_route=\/wp\/v2\/pages\/19\/revisions"}],"predecessor-version":[{"id":1190,"href":"https:\/\/www.erfurter-lehrerchor.de\/index.php?rest_route=\/wp\/v2\/pages\/19\/revisions\/1190"}],"up":[{"embeddable":true,"href":"https:\/\/www.erfurter-lehrerchor.de\/index.php?rest_route=\/wp\/v2\/pages\/7"}],"wp:attachment":[{"href":"https:\/\/www.erfurter-lehrerchor.de\/index.php?rest_route=%2Fwp%2Fv2%2Fmedia&parent=19"}],"curies":[{"name":"wp","href":"https:\/\/api.w.org\/{rel}","templated":true}]}}